{"id":112,"date":"2021-01-29T21:00:52","date_gmt":"2021-01-29T21:00:52","guid":{"rendered":"http:\/\/www.dominikuvpokrok.cz\/?page_id=112"},"modified":"2025-07-14T22:20:48","modified_gmt":"2025-07-14T22:20:48","slug":"chci-pomoci","status":"publish","type":"page","link":"https:\/\/www.dominikuvpokrok.cz\/index.php\/chci-pomoci\/","title":{"rendered":"Chci pomoci"},"content":{"rendered":"\n<p>S Domini\u010dkem rehabilitujeme od narozen\u00ed. D\u00edky tomu se n\u00e1m da\u0159\u00ed m\u011bnit jeho zdravotn\u00ed stav k lep\u0161\u00edmu a posouvat st\u00e1le jeho hranice. D\u00e1v\u00e1me mu \u0161anci na lep\u0161\u00ed a \u0161\u0165astn\u011bj\u0161\u00ed \u017eivot a to je na\u0161im hlavn\u00edm c\u00edlem. Poji\u0161\u0165ovna hrad\u00ed jen mal\u00e9 procento terapi\u00ed a zdravotn\u00edch pom\u016fcek, kter\u00e9 Dominik vyu\u017e\u00edv\u00e1 a pot\u0159ebuje. V\u011bt\u0161inu t\u011bchto terapi\u00ed si hrad\u00edme sami.  <\/p>\n\n\n\n<h3><strong><mark style=\"background-color:rgba(0, 0, 0, 0)\" class=\"has-inline-color has-vivid-cyan-blue-color\">Ro\u010dn\u00ed rozpo\u010det na zdravotn\u00ed p\u00e9\u010di a pom\u016fcky pro Dom\u010du je p\u0159ibli\u017en\u011b 600 000 K\u010d.<\/mark><\/strong><\/h3>\n\n\n\n<p>Zde m\u016f\u017eete poslat libovolnou finan\u010dn\u00ed \u010d\u00e1stku, pokud byste se rozhodli na\u0161eho Dom\u010du podpo\u0159it. Za jak\u00fdkoliv p\u0159\u00edsp\u011bvek budeme moc vd\u011b\u010dn\u00ed.<\/p>\n\n\n\n<h1 class=\"has-text-align-center\">TRANSPARENTN\u00cd \u00da\u010cET V CZK<\/h1>\n\n\n\n<p class=\"has-text-align-center has-vivid-red-color has-text-color has-large-font-size\"><strong>123-3487360297\/0100<\/strong><\/p>\n\n\n\n<p class=\"has-text-align-center\" style=\"font-size:27px\">IBAN: CZ14 0100 0001 2334 8736 0297<\/p>\n\n\n\n<p class=\"has-text-align-center\" style=\"font-size:27px\">Komer\u010dn\u00ed banka<\/p>\n\n\n\n<p class=\"has-text-align-center\">Transparentn\u00ed \u00fa\u010det je viditeln\u00fd <mark style=\"background-color:rgba(0, 0, 0, 0)\" class=\"has-inline-color has-vivid-red-color\"><a rel=\"noreferrer noopener\" href=\"https:\/\/www.kb.cz\/cs\/transparentni-ucty\/123-3487360297\" data-type=\"URL\" target=\"_blank\"> <strong>ZDE <\/strong><\/a><\/mark><\/p>\n\n\n\n<p class=\"has-text-align-center has-medium-font-size\"><mark style=\"background-color:rgba(0, 0, 0, 0)\" class=\"has-inline-color has-vivid-red-color\">Zde m\u016f\u017eete zvolit rychlou platbu pomoc\u00ed QR k\u00f3du. Sta\u010d\u00ed jen na\u010d\u00edst QR k\u00f3d v aplikaci sv\u00e9 banky a doplnit libovolnou \u010d\u00e1stku. D\u011bkujeme<\/mark><\/p>\n\n\n\n<figure class=\"wp-block-gallery has-nested-images columns-default is-cropped\">\n<figure class=\"wp-block-image size-large\"><img loading=\"lazy\" width=\"1024\" height=\"341\" data-id=\"620\"  src=\"https:\/\/www.dominikuvpokrok.cz\/wp-content\/uploads\/2022\/12\/pozadi-uvodni-strana-2-1024x341.png\" alt=\"\" class=\"wp-image-620\" srcset=\"https:\/\/www.dominikuvpokrok.cz\/wp-content\/uploads\/2022\/12\/pozadi-uvodni-strana-2-1024x341.png 1024w, https:\/\/www.dominikuvpokrok.cz\/wp-content\/uploads\/2022\/12\/pozadi-uvodni-strana-2-300x100.png 300w, https:\/\/www.dominikuvpokrok.cz\/wp-content\/uploads\/2022\/12\/pozadi-uvodni-strana-2-768x256.png 768w, https:\/\/www.dominikuvpokrok.cz\/wp-content\/uploads\/2022\/12\/pozadi-uvodni-strana-2-1536x512.png 1536w, https:\/\/www.dominikuvpokrok.cz\/wp-content\/uploads\/2022\/12\/pozadi-uvodni-strana-2.png 1800w\" sizes=\"(max-width: 1024px) 100vw, 1024px\" \/><\/figure>\n\n\n\n<figure class=\"wp-block-image size-large\"><img loading=\"lazy\" width=\"937\" height=\"1024\" data-id=\"617\"  src=\"https:\/\/www.dominikuvpokrok.cz\/wp-content\/uploads\/2022\/12\/mba2spaydqrcode-937x1024.png\" alt=\"\" class=\"wp-image-617\" srcset=\"https:\/\/www.dominikuvpokrok.cz\/wp-content\/uploads\/2022\/12\/mba2spaydqrcode-937x1024.png 937w, https:\/\/www.dominikuvpokrok.cz\/wp-content\/uploads\/2022\/12\/mba2spaydqrcode-274x300.png 274w, https:\/\/www.dominikuvpokrok.cz\/wp-content\/uploads\/2022\/12\/mba2spaydqrcode-768x840.png 768w, https:\/\/www.dominikuvpokrok.cz\/wp-content\/uploads\/2022\/12\/mba2spaydqrcode.png 945w\" sizes=\"(max-width: 937px) 100vw, 937px\" \/><\/figure>\n\n\n\n<figure class=\"wp-block-image size-large\"><img loading=\"lazy\" width=\"1024\" height=\"341\" data-id=\"619\"  src=\"https:\/\/www.dominikuvpokrok.cz\/wp-content\/uploads\/2022\/12\/pozadi-uvodni-strana-1-1024x341.png\" alt=\"\" class=\"wp-image-619\" srcset=\"https:\/\/www.dominikuvpokrok.cz\/wp-content\/uploads\/2022\/12\/pozadi-uvodni-strana-1-1024x341.png 1024w, https:\/\/www.dominikuvpokrok.cz\/wp-content\/uploads\/2022\/12\/pozadi-uvodni-strana-1-300x100.png 300w, https:\/\/www.dominikuvpokrok.cz\/wp-content\/uploads\/2022\/12\/pozadi-uvodni-strana-1-768x256.png 768w, https:\/\/www.dominikuvpokrok.cz\/wp-content\/uploads\/2022\/12\/pozadi-uvodni-strana-1-1536x512.png 1536w, https:\/\/www.dominikuvpokrok.cz\/wp-content\/uploads\/2022\/12\/pozadi-uvodni-strana-1.png 1800w\" sizes=\"(max-width: 1024px) 100vw, 1024px\" \/><\/figure>\n<\/figure>\n\n\n\n<p class=\"has-text-align-left\"><strong><span class=\"has-inline-color has-vivid-red-color\">V p\u0159\u00edpadn\u011b, \u017ee budete pot\u0159ebovat na finan\u010dn\u00ed p\u0159\u00edsp\u011bvek darovac\u00ed smlouvu kv\u016fli odpo\u010dtu dan\u00ed, kontaktujte n\u00e1s pros\u00edm na email dominikuvpokrok@email.cz je\u0161t\u011b p\u0159ed t\u00edm ne\u017e ode\u0161lete pen\u00edze na \u00fa\u010det!!!<\/span><\/strong> <\/p>\n\n\n\n<h2>A na co finance z transparentn\u00edho \u00fa\u010dtu vyu\u017e\u00edv\u00e1me?<\/h2>\n\n\n\n<ul><li>Pravideln\u00e9 neurorehabilitace s fyzioterapeutem<\/li><li>Rehabilita\u010dn\u00ed intenzivn\u00ed terapie<\/li><li>Neurorehabilita\u010dn\u00ed pobyty <\/li><li>speci\u00e1ln\u00ed logopedie<\/li><li>Kraniosakr\u00e1ln\u00ed terapie s prvky osteodynamiky<\/li><li>Terapie Feldenkraisovou metodou<\/li><li>Ergoterapie pro motoriku rukou a stabilitu t\u011bla<\/li><li>Pravideln\u00e9 hiporehabilita\u010dn\u00ed pobyty<\/li><li>Rehabilita\u010dn\u00ed a cvi\u010debn\u00ed pom\u016fcky a p\u0159\u00edstroje<\/li><li>Speci\u00e1ln\u00ed ort\u00e9zy od rakousk\u00e9 firmy Pohlig<\/li><li>V\u00fd\u017eivov\u00e9 dopl\u0148ky a pom\u016fcky pot\u0159ebn\u00e9 ke krmen\u00ed pegem<\/li><li>Konzultace u specialist\u016f, kter\u00e9 nav\u0161t\u011bvujeme pravideln\u011b<\/li><\/ul>\n\n\n\n<h1 class=\"has-text-align-center\"><strong>Za jakoukoliv finan\u010dn\u00ed pomoc moc d\u011bkujeme<\/strong><\/h1>\n\n\n\n<p>   <\/p>\n\n\n\n<p>   <\/p>\n","protected":false},"excerpt":{"rendered":"<p>S Domini\u010dkem rehabilitujeme od narozen\u00ed. D\u00edky tomu se n\u00e1m da\u0159\u00ed m\u011bnit jeho zdravotn\u00ed stav k lep\u0161\u00edmu a posouvat st\u00e1le jeho hranice. D\u00e1v\u00e1me mu \u0161anci na lep\u0161\u00ed a \u0161\u0165astn\u011bj\u0161\u00ed \u017eivot a to je na\u0161im hlavn\u00edm c\u00edlem. Poji\u0161\u0165ovna hrad\u00ed jen mal\u00e9 procento terapi\u00ed a zdravotn\u00edch pom\u016fcek, kter\u00e9 Dominik vyu\u017e\u00edv\u00e1 a pot\u0159ebuje. V\u011bt\u0161inu t\u011bchto terapi\u00ed si hrad\u00edme sami. Ro\u010dn\u00ed rozpo\u010det na zdravotn\u00ed p\u00e9\u010di a pom\u016fcky pro Dom\u010du je p\u0159ibli\u017en\u011b 600 000 K\u010d. Zde m\u016f\u017eete poslat libovolnou finan\u010dn\u00ed \u010d\u00e1stku, pokud byste se rozhodli na\u0161eho Dom\u010du podpo\u0159it. Za jak\u00fdkoliv p\u0159\u00edsp\u011bvek budeme moc vd\u011b\u010dn\u00ed. TRANSPARENTN\u00cd \u00da\u010cET V CZK 123-3487360297\/0100 IBAN: CZ14 0100 0001 2334 8736 0297 Komer\u010dn\u00ed banka Transparentn\u00ed \u00fa\u010det je viditeln\u00fd ZDE Zde m\u016f\u017eete zvolit rychlou platbu pomoc\u00ed QR k\u00f3du. Sta\u010d\u00ed jen na\u010d\u00edst QR k\u00f3d v aplikaci sv\u00e9 banky a doplnit libovolnou \u010d\u00e1stku. D\u011bkujeme V p\u0159\u00edpadn\u011b, \u017ee budete pot\u0159ebovat na finan\u010dn\u00ed p\u0159\u00edsp\u011bvek darovac\u00ed smlouvu kv\u016fli odpo\u010dtu dan\u00ed, kontaktujte n\u00e1s pros\u00edm na email dominikuvpokrok@email.cz je\u0161t\u011b p\u0159ed t\u00edm ne\u017e ode\u0161lete pen\u00edze na \u00fa\u010det!!! A na co finance z transparentn\u00edho \u00fa\u010dtu vyu\u017e\u00edv\u00e1me? Pravideln\u00e9 neurorehabilitace s fyzioterapeutem Rehabilita\u010dn\u00ed intenzivn\u00ed terapie Neurorehabilita\u010dn\u00ed pobyty speci\u00e1ln\u00ed logopedie Kraniosakr\u00e1ln\u00ed terapie s prvky osteodynamiky Terapie Feldenkraisovou metodou Ergoterapie pro motoriku rukou a stabilitu t\u011bla Pravideln\u00e9 hiporehabilita\u010dn\u00ed pobyty Rehabilita\u010dn\u00ed a cvi\u010debn\u00ed pom\u016fcky a p\u0159\u00edstroje Speci\u00e1ln\u00ed ort\u00e9zy od rakousk\u00e9 firmy Pohlig V\u00fd\u017eivov\u00e9 dopl\u0148ky a pom\u016fcky pot\u0159ebn\u00e9 ke krmen\u00ed pegem Konzultace u specialist\u016f, kter\u00e9 nav\u0161t\u011bvujeme pravideln\u011b Za jakoukoliv finan\u010dn\u00ed pomoc moc d\u011bkujeme<\/p>\n","protected":false},"author":1,"featured_media":0,"parent":0,"menu_order":0,"comment_status":"closed","ping_status":"closed","template":"","meta":[],"_links":{"self":[{"href":"https:\/\/www.dominikuvpokrok.cz\/index.php\/wp-json\/wp\/v2\/pages\/112"}],"collection":[{"href":"https:\/\/www.dominikuvpokrok.cz\/index.php\/wp-json\/wp\/v2\/pages"}],"about":[{"href":"https:\/\/www.dominikuvpokrok.cz\/index.php\/wp-json\/wp\/v2\/types\/page"}],"author":[{"embeddable":true,"href":"https:\/\/www.dominikuvpokrok.cz\/index.php\/wp-json\/wp\/v2\/users\/1"}],"replies":[{"embeddable":true,"href":"https:\/\/www.dominikuvpokrok.cz\/index.php\/wp-json\/wp\/v2\/comments?post=112"}],"version-history":[{"count":18,"href":"https:\/\/www.dominikuvpokrok.cz\/index.php\/wp-json\/wp\/v2\/pages\/112\/revisions"}],"predecessor-version":[{"id":944,"href":"https:\/\/www.dominikuvpokrok.cz\/index.php\/wp-json\/wp\/v2\/pages\/112\/revisions\/944"}],"wp:attachment":[{"href":"https:\/\/www.dominikuvpokrok.cz\/index.php\/wp-json\/wp\/v2\/media?parent=112"}],"curies":[{"name":"wp","href":"https:\/\/api.w.org\/{rel}","templated":true}]}}